{"id":17983,"date":"2025-12-03T19:11:39","date_gmt":"2025-12-03T16:11:39","guid":{"rendered":"https:\/\/nestlersgroup.com\/?page_id=17983"},"modified":"2026-01-19T13:03:54","modified_gmt":"2026-01-19T10:03:54","slug":"planurile-noastre-de-abonament","status":"publish","type":"page","link":"https:\/\/nestlersgroup.com\/ro\/planurile-noastre-de-abonament\/","title":{"rendered":"Abonamente de Consultan\u021b\u0103 pentru Imigrare, Legisla\u021bia Muncii \u0219i Fiscalitate"},"content":{"rendered":"\n\n\t<h1><strong>Abonamente de Consultan\u021b\u0103 pentru Imigrare, Legisla\u021bia Muncii \u0219i Fiscalitate<\/strong><\/h1>\n<h3>Simplifica\u021bi conformitatea. Reduce\u021bi costurile. Accelera\u021bi r\u0103spunsurile.<\/h3>\n<h2><strong>De ce s\u0103 alege\u021bi abonamentele Nestlers?<\/strong><\/h2>\nCu peste <strong>18 ani de experien\u021b\u0103<\/strong>, Nestlers Group ofer\u0103 companiilor suport complet \u00een mobilitatea global\u0103 &#8211; de la Imigrare \u0219i legisla\u021bia muncii, p\u00e2n\u0103 la Fiscalitate si Taxe.<br \/>\nPrin planurile noastre de abonament, beneficia\u021bi de:\n<ul>\n<li><strong>Reduceri semnificative<\/strong> fa\u021b\u0103 de tarifele standard<\/li>\n<li><strong>Acces prioritar<\/strong> la speciali\u0219tii no\u0219tri<\/li>\n<li><strong>Predictibilitate financiar\u0103<\/strong> \u0219i resurse dedicate lunar<\/li>\n<li><strong>Conformitate garantat\u0103<\/strong> pentru toate procesele personalului str\u0103in<\/li>\n<\/ul>\n\t<h1><strong>Planurile Noastre de Abonament<\/strong><\/h1>\n<p>&nbsp;<\/p>\n<h3><strong>1. Suport pentru Procese de Imigrare \u0219i Legisla\u021bia Muncii<\/strong><\/h3>\n<h4><strong>500 \u20ac\/lun\u0103<\/strong><\/h4>\n<p>Pentru companiile care gestioneaz\u0103 transferuri interna\u021bionale, vize, permise de munc\u0103 \u0219i conformitate legislativ\u0103.<\/p>\n<h4><strong>Ce include abonamentul:<\/strong><\/h4>\n<ul>\n<li>5 ore de consultan\u021b\u0103 de specialitate lunar<\/li>\n<li>Suport complet pentru imigrare \u0219i dreptul muncii<\/li>\n<li>Acces prioritar la exper\u021bii no\u0219tri<\/li>\n<li>Asisten\u021b\u0103 continu\u0103 pentru vize, permise \u0219i proceduri de conformitate din sfera legislatiei muncii<\/li>\n<\/ul>\n<h4><strong>Beneficii exclusive:<\/strong><\/h4>\n<ul>\n<li><strong>33% reducere<\/strong> fa\u021b\u0103 de tariful standard<\/li>\n<li><strong>Prioritizarea solicit\u0103rilor<\/strong> pentru r\u0103spuns rapid \u0219i dedicat<\/li>\n<\/ul>\n<p>&nbsp;<\/p>\n<h3><strong>2. Consultan\u021b\u0103 Fiscal\u0103 pentru For\u021ba de Munc\u0103 Global\u0103<\/strong><\/h3>\n<h4><strong>360 \u20ac\/lun\u0103<\/strong><\/h4>\n<p>Solu\u021bie dedicat\u0103 companiilor care lucreaz\u0103 cu angaja\u021bi interna\u021bionali \u0219i au nevoie de o gestionare fiscal\u0103 corect\u0103, eficient\u0103 \u0219i conform\u0103.<\/p>\n<h4><strong>Ce include abonamentul:<\/strong><\/h4>\n<ul>\n<li>3 ore de expertiz\u0103 fiscal\u0103 lunar<\/li>\n<li>Strategii fiscale interna\u021bionale personalizate<\/li>\n<li>Suport pentru misiuni de expatria\u021bi \u0219i optimizarea taxelor<\/li>\n<\/ul>\n<h4><strong>Beneficii exclusive:<\/strong><\/h4>\n<ul>\n<li><strong>20% reducere<\/strong> fa\u021b\u0103 de tariful standard<\/li>\n<li><strong>Prioritizarea solicit\u0103rilor<\/strong> pentru consultan\u021b\u0103 fiscal\u0103 rapid\u0103<\/li>\n<\/ul>\n<p>&nbsp;<\/p>\n\t\n\n\n<strong data-start=\"1465\" data-end=\"1499\">\u00cenregistra\u021bi-v\u0103 interesul acum<\/strong> complet\u00e2nd formularul.\n<p>&nbsp;<\/p>\n<br \/>\n\n\t<h1><strong>Face\u021bi Mobilitatea Global\u0103 Mai Simpl\u0103 \u0219i Mai Eficienta<\/strong><\/h1>\n<p>Alege\u021bi abonamentul potrivit \u0219i beneficia\u021bi de suport constant, specializat \u0219i optimizat pentru nevoile organiza\u021biei dumneavoastr\u0103.<\/p>\n<p><i>Solicita\u021bi o ofert\u0103 personalizat\u0103 sau programa\u021bi o discu\u021bie cu un consultant Nestlers prin completarea formularului alaturat.<\/i><\/p>\n\n","protected":false},"excerpt":{"rendered":"<p>Abonamente de Consultan\u021b\u0103 pentru Imigrare, Legisla\u021bia Muncii \u0219i Fiscalitate Simplifica\u021bi conformitatea. Reduce\u021bi costurile. Accelera\u021bi r\u0103spunsurile. De ce s\u0103 alege\u021bi abonamentele Nestlers? Cu peste 18 ani de experien\u021b\u0103, Nestlers Group ofer\u0103 companiilor suport complet \u00een mobilitatea global\u0103 &#8211; de la Imigrare \u0219i legisla\u021bia muncii, p\u00e2n\u0103 la Fiscalitate si Taxe. Prin planurile noastre de abonament, beneficia\u021bi de:&hellip;<\/p>\n","protected":false},"author":1000010,"featured_media":0,"parent":0,"menu_order":0,"comment_status":"closed","ping_status":"closed","template":"","meta":{"footnotes":""},"class_list":["post-17983","page","type-page","status-publish","hentry"],"_links":{"self":[{"href":"https:\/\/nestlersgroup.com\/ro\/wp-json\/wp\/v2\/pages\/17983","targetHints":{"allow":["GET"]}}],"collection":[{"href":"https:\/\/nestlersgroup.com\/ro\/wp-json\/wp\/v2\/pages"}],"about":[{"href":"https:\/\/nestlersgroup.com\/ro\/wp-json\/wp\/v2\/types\/page"}],"author":[{"embeddable":true,"href":"https:\/\/nestlersgroup.com\/ro\/wp-json\/wp\/v2\/users\/1000010"}],"replies":[{"embeddable":true,"href":"https:\/\/nestlersgroup.com\/ro\/wp-json\/wp\/v2\/comments?post=17983"}],"version-history":[{"count":15,"href":"https:\/\/nestlersgroup.com\/ro\/wp-json\/wp\/v2\/pages\/17983\/revisions"}],"predecessor-version":[{"id":18004,"href":"https:\/\/nestlersgroup.com\/ro\/wp-json\/wp\/v2\/pages\/17983\/revisions\/18004"}],"wp:attachment":[{"href":"https:\/\/nestlersgroup.com\/ro\/wp-json\/wp\/v2\/media?parent=17983"}],"curies":[{"name":"wp","href":"https:\/\/api.w.org\/{rel}","templated":true}]}}