{"id":4714,"date":"2017-02-21T17:04:55","date_gmt":"2017-02-21T15:04:55","guid":{"rendered":"https:\/\/photobrand.ro\/acasa\/"},"modified":"2023-02-03T20:12:23","modified_gmt":"2023-02-03T18:12:23","slug":"acasa","status":"publish","type":"page","link":"https:\/\/nestlersgroup.com\/ro\/","title":{"rendered":"Acas\u0103"},"content":{"rendered":"\n\n\t\n\n\n<div id=\"wpv-view-layout-6462\" class=\"js-wpv-view-layout js-wpv-layout-responsive js-wpv-view-layout-6462\" data-viewnumber=\"6462\" data-pagination=\"{&quot;id&quot;:6462,&quot;query&quot;:&quot;normal&quot;,&quot;type&quot;:&quot;disabled&quot;,&quot;effect&quot;:&quot;fade&quot;,&quot;duration&quot;:500,&quot;speed&quot;:5,&quot;pause_on_hover&quot;:&quot;enabled&quot;,&quot;stop_rollover&quot;:&quot;false&quot;,&quot;cache_pages&quot;:&quot;enabled&quot;,&quot;preload_images&quot;:&quot;enabled&quot;,&quot;preload_pages&quot;:&quot;enabled&quot;,&quot;preload_reach&quot;:1,&quot;spinner&quot;:&quot;builtin&quot;,&quot;spinner_image&quot;:&quot;https:\/\/nestlersgroup.com\/wp-content\/plugins\/toolset-blocks\/embedded\/res\/img\/ajax-loader.gif&quot;,&quot;callback_next&quot;:&quot;&quot;,&quot;manage_history&quot;:&quot;enabled&quot;,&quot;has_controls_in_form&quot;:&quot;disabled&quot;,&quot;infinite_tolerance&quot;:&quot;0&quot;,&quot;max_pages&quot;:1,&quot;page&quot;:1,&quot;base_permalink&quot;:&quot;\/ro\/wp-json\/wp\/v2\/pages\/4714?wpv_view_count=6462&amp;wpv_paged=WPV_PAGE_NUM&quot;,&quot;loop&quot;:{&quot;type&quot;:&quot;&quot;,&quot;name&quot;:&quot;&quot;,&quot;data&quot;:[],&quot;id&quot;:0}}\" data-permalink=\"\/ro\/wp-json\/wp\/v2\/pages\/4714?wpv_view_count=6462\">\n \n\n<div class=\"row \">\n   \n     \n        <div class=\"col-md-7\"> \n            <div class=\"card first-post\">\n                <img decoding=\"async\" src=\"https:\/\/nestlersgroup.com\/wp-content\/uploads\/2026\/03\/7693745.jpeg\" alt=\"\" title=\"\">\n  \t\t\t\t<div class=\"card-img-overlay\">\n                  <h2 class=\"card-title\"> <a href=\"https:\/\/nestlersgroup.com\/ro\/hire-remote-employees-romania\/\">Hire Remote Employees in Romania\u00a0<\/a><\/h2>\n  \t\t\t\t<\/div>\n\t\t\t<\/div> \n        <\/div> \n     \n     \n        <div class=\"col-md-5\"> \n            <div class=\"card second-post\">\n              <img decoding=\"async\" src=\"https:\/\/nestlersgroup.com\/wp-content\/uploads\/2026\/03\/q4h12fybrhs.jpg\" alt=\"\" title=\"\">\n              <div class=\"card-img-overlay\">\n                <h2 class=\"card-title\"> <a href=\"https:\/\/nestlersgroup.com\/ro\/employer-of-record-romania-the-smartest-way-to-hire-and-stay-fully-compliant\/\">Employer of Record Romania: The Smartest Way to Hire and Stay Fully Compliant\u00a0<\/a><\/h2>\n              <\/div>\n          <\/div> \n            <div class=\"row\"> \n                 \n     \n                    <div class=\"col-md-6\"> \n                      <div class=\"card third-post\">\n                        <img decoding=\"async\" src=\"https:\/\/nestlersgroup.com\/wp-content\/uploads\/2025\/09\/vnajdhu8-zm.jpg\" alt=\"\" title=\"\">\n                        <div class=\"card-img-overlay\">\n                          <h2 class=\"card-title\"> <a href=\"https:\/\/nestlersgroup.com\/ro\/understanding-romanias-social-security-system-as-a-foreign-national\/\">Understanding Romania\u2019s Social Security System as a Foreign National<\/a><\/h2>\n                        <\/div>\n                      <\/div>\n                    <\/div> \n                 \n     \n                    <div class=\"col-md-6\"> \n                        <div class=\"card fourth-post\">\n                          <img decoding=\"async\" src=\"https:\/\/nestlersgroup.com\/wp-content\/uploads\/2025\/08\/wiuxlhndclw.jpg\" alt=\"\" title=\"\">\n                          <div class=\"card-img-overlay\">\n                            <h2 class=\"card-title\"> <a href=\"https:\/\/nestlersgroup.com\/ro\/eu-social-securitys-new-a1-rules-impact-on-posted-workers-labor-compliance\/\">EU Social Security&#8217;s New A1 Rules: Impact on Posted Workers &amp; Labor Compliance<\/a><\/h2>\n                          <\/div>\n                      \t<\/div>\n              \t\t<\/div>\n          \t<\/div>\n        <\/div>\n    \n<\/div>\n \n  <\/div>\n\t\t\t<a href=\"\" target=\"_self\" role=\"button\" rel=\"noopener\">\n\t\t\t\t\t\t\tFIECARE ANTREPRENOR \u00ce\u0218I DORE\u0218TE S\u0102 ATING\u0102 NOI REZOLU\u021aII \u0218I IDEALURI, DAR UNEORI DEVINE DIFICIL \u00ceN MOMENTUL \u00ceN CARE ANGAJA\u021aII II SUNT PERTURBA\u021aI DE SUBITELE TURBULEN\u021aE ALE SCHIMB\u0102RILOR CULTURALE. ECHIPA NESTLERS TE VA AJUTA S\u0102 ATINGI NOI CULMI PRIN ELIMINAREA ORIC\u0102ROR FACTORI DE STRES ADIACEN\u021aI MOBILIT\u0102\u021aII GLOBALE.\n\t\t\t\t\t<\/a>\n\t\t\t<a href=\"\" target=\"_self\" role=\"button\" rel=\"noopener\">\n\t\t\t\t\t\t\tIMPOZITE \u0218i SALARII\n\t\t\t\t\t<\/a>\n\t\n\n\n<div id=\"wpv-view-layout-5678-CATTR5a7295207cbf0913fb5455bfeafaaa68\" class=\"js-wpv-view-layout js-wpv-layout-responsive js-wpv-view-layout-5678-CATTR5a7295207cbf0913fb5455bfeafaaa68\" data-viewnumber=\"5678-CATTR5a7295207cbf0913fb5455bfeafaaa68\" data-pagination=\"{&quot;id&quot;:5678,&quot;query&quot;:&quot;normal&quot;,&quot;type&quot;:&quot;disabled&quot;,&quot;effect&quot;:&quot;fade&quot;,&quot;duration&quot;:500,&quot;speed&quot;:5,&quot;pause_on_hover&quot;:&quot;enabled&quot;,&quot;stop_rollover&quot;:&quot;false&quot;,&quot;cache_pages&quot;:&quot;enabled&quot;,&quot;preload_images&quot;:&quot;enabled&quot;,&quot;preload_pages&quot;:&quot;enabled&quot;,&quot;preload_reach&quot;:1,&quot;spinner&quot;:&quot;builtin&quot;,&quot;spinner_image&quot;:&quot;https:\/\/nestlersgroup.com\/wp-content\/plugins\/toolset-blocks\/embedded\/res\/img\/ajax-loader.gif&quot;,&quot;callback_next&quot;:&quot;&quot;,&quot;manage_history&quot;:&quot;enabled&quot;,&quot;has_controls_in_form&quot;:&quot;disabled&quot;,&quot;infinite_tolerance&quot;:&quot;0&quot;,&quot;max_pages&quot;:1,&quot;page&quot;:1,&quot;base_permalink&quot;:&quot;\/ro\/wp-json\/wp\/v2\/pages\/4714?wpv_view_count=5678-CATTR5a7295207cbf0913fb5455bfeafaaa68&amp;wpv_paged=WPV_PAGE_NUM&quot;,&quot;loop&quot;:{&quot;type&quot;:&quot;&quot;,&quot;name&quot;:&quot;&quot;,&quot;data&quot;:[],&quot;id&quot;:0}}\" data-permalink=\"\/ro\/wp-json\/wp\/v2\/pages\/4714?wpv_view_count=5678-CATTR5a7295207cbf0913fb5455bfeafaaa68\">\n \n\n<div class=\"row \">\n   \n     \n        <div class=\"col-md-7\"> \n            <div class=\"card first-post\">\n                <img decoding=\"async\" src=\"https:\/\/nestlersgroup.com\/wp-content\/uploads\/2021\/03\/AdobeStock_320490603-2-800x600-1.jpeg\" alt=\"\" title=\"\">\n  \t\t\t\t<div class=\"card-img-overlay\">\n                  <h2 class=\"card-title\"> <a href=\"https:\/\/nestlersgroup.com\/ro\/munca-temporara\/\">MUNC\u0102 TEMPORAR\u0102<\/a><\/h2>\n  \t\t\t\t<\/div>\n\t\t\t<\/div> \n        <\/div> \n     \n     \n        <div class=\"col-md-5\"> \n            <div class=\"card second-post\">\n              <img decoding=\"async\" src=\"https:\/\/nestlersgroup.com\/wp-content\/uploads\/2021\/03\/AdobeStock_320490603-2-2000x600-1.jpeg\" alt=\"\" title=\"\">\n              <div class=\"card-img-overlay\">\n                <h2 class=\"card-title\"> <a href=\"https:\/\/nestlersgroup.com\/ro\/temporary-work\/\">TEMPORARY WORK<\/a><\/h2>\n              <\/div>\n          <\/div> \n            <div class=\"row\"> \n                 \n     \n                    <div class=\"col-md-6\"> \n                      <div class=\"card third-post\">\n                        <img decoding=\"async\" src=\"https:\/\/nestlersgroup.com\/wp-content\/uploads\/2017\/03\/AdobeStock_334147955-min-2000x600-1.jpeg\" alt=\"\" title=\"\">\n                        <div class=\"card-img-overlay\">\n                          <h2 class=\"card-title\"> <a href=\"https:\/\/nestlersgroup.com\/ro\/employer-of-record\/\">Employer of record<\/a><\/h2>\n                        <\/div>\n                      <\/div>\n                    <\/div> \n                 \n     \n                    <div class=\"col-md-6\"> \n                        <div class=\"card fourth-post\">\n                          <img decoding=\"async\" src=\"https:\/\/nestlersgroup.com\/wp-content\/uploads\/2017\/03\/tax-and-labor-law-advisory.jpg\" alt=\"\" title=\"\">\n                          <div class=\"card-img-overlay\">\n                            <h2 class=\"card-title\"> <a href=\"https:\/\/nestlersgroup.com\/ro\/consultanta-in-domeniul-fiscal-si-al-dreptului-muncii\/\">Consultan\u021b\u0103 \u00een domeniul fiscal \u0219i al dreptului muncii<\/a><\/h2>\n                          <\/div>\n                      \t<\/div>\n              \t\t<\/div>\n          \t<\/div>\n        <\/div>\n    \n<\/div>\n \n  <\/div>\n\t\t\t<a href=\"\" target=\"_self\" role=\"button\" rel=\"noopener\">\n\t\t\t\t\t\t\tSERVICII DE AUDIT\n\t\t\t\t\t<\/a>\n\t\n\n\n<div id=\"wpv-view-layout-5812-CATTR39b9e33046d881da4b657ff1aa8bbea0\" class=\"js-wpv-view-layout js-wpv-layout-responsive js-wpv-view-layout-5812-CATTR39b9e33046d881da4b657ff1aa8bbea0\" data-viewnumber=\"5812-CATTR39b9e33046d881da4b657ff1aa8bbea0\" data-pagination=\"{&quot;id&quot;:5812,&quot;query&quot;:&quot;normal&quot;,&quot;type&quot;:&quot;disabled&quot;,&quot;effect&quot;:&quot;fade&quot;,&quot;duration&quot;:500,&quot;speed&quot;:5,&quot;pause_on_hover&quot;:&quot;enabled&quot;,&quot;stop_rollover&quot;:&quot;false&quot;,&quot;cache_pages&quot;:&quot;enabled&quot;,&quot;preload_images&quot;:&quot;enabled&quot;,&quot;preload_pages&quot;:&quot;enabled&quot;,&quot;preload_reach&quot;:1,&quot;spinner&quot;:&quot;builtin&quot;,&quot;spinner_image&quot;:&quot;https:\/\/nestlersgroup.com\/wp-content\/plugins\/toolset-blocks\/embedded\/res\/img\/ajax-loader.gif&quot;,&quot;callback_next&quot;:&quot;&quot;,&quot;manage_history&quot;:&quot;enabled&quot;,&quot;has_controls_in_form&quot;:&quot;disabled&quot;,&quot;infinite_tolerance&quot;:&quot;0&quot;,&quot;max_pages&quot;:1,&quot;page&quot;:1,&quot;base_permalink&quot;:&quot;\/ro\/wp-json\/wp\/v2\/pages\/4714?wpv_view_count=5812-CATTR39b9e33046d881da4b657ff1aa8bbea0&amp;wpv_paged=WPV_PAGE_NUM&quot;,&quot;loop&quot;:{&quot;type&quot;:&quot;&quot;,&quot;name&quot;:&quot;&quot;,&quot;data&quot;:[],&quot;id&quot;:0}}\" data-permalink=\"\/ro\/wp-json\/wp\/v2\/pages\/4714?wpv_view_count=5812-CATTR39b9e33046d881da4b657ff1aa8bbea0\">\n \n\n<div class=\"row\">\n   \n     \n        <div class=\"col-md-7\"> \n            <div class=\"card col3-first-post\">\n  \t\t\t\t<img decoding=\"async\" src=\"https:\/\/nestlersgroup.com\/wp-content\/uploads\/2020\/05\/audit-3-1024x618.jpg\" alt=\"\" title=\"\">\n  \t\t\t\t<div class=\"card-img-overlay\">\n                  <h2 class=\"card-title\"> <a href=\"https:\/\/nestlersgroup.com\/ro\/audit-de-imigrare\/\">Audit de Imigrare<\/a><\/h2>\n  \t\t\t\t<\/div>\n\t\t\t<\/div> \n        <\/div> \n     \n     \n        <div class=\"col-md-5\"> \n            <div class=\"card col3-second-post\">\n              <img decoding=\"async\" src=\"https:\/\/nestlersgroup.com\/wp-content\/uploads\/2020\/05\/audit-3.jpg\" alt=\"\" title=\"\">\n              <div class=\"card-img-overlay\">\n                <h2 class=\"card-title\"> <a href=\"https:\/\/nestlersgroup.com\/ro\/audit-fiscal-si-salarizare\/\">Audit Fiscal &amp; Salarizare<\/a><\/h2>\n              <\/div>\n          <\/div> \n            <div class=\"row\"> \n                 \n     \n                    <div class=\"col-md-12\"> \n                      <div class=\"card col3-third-post\">\n                        <img decoding=\"async\" src=\"https:\/\/nestlersgroup.com\/wp-content\/uploads\/2020\/04\/Labor-Law-Audit-cropped-pic-scaled-1.jpg\" alt=\"\" title=\"\">\n                        <div class=\"card-img-overlay\">\n                          <h2 class=\"card-title\"> <a href=\"https:\/\/nestlersgroup.com\/ro\/audit-dreptul-muncii\/\">Audit Dreptul Muncii<\/a><\/h2>\n                        <\/div>\n                      <\/div>\n                    <\/div> \n          \t<\/div>\n        <\/div>\n    \n<\/div>\n \n  <\/div>\n\t\t\t<a href=\"\" target=\"_self\" role=\"button\" rel=\"noopener\">\n\t\t\t\t\t\t\tRITUALUL DE RELOCARE AL TALENTULUI T\u0102U<br \/> GLOBAL ESTE VITAL. NU \u00ceL L\u0102SA LA VOIA<br \/> \u00ceNT\u00c2MPL\u0102RII.\n\t\t\t\t\t<\/a>\n\t\t\t<a href=\"\" target=\"_self\" role=\"button\" rel=\"noopener\">\n\t\t\t\t\t\t\tGLOBAL MOBILITY\n\t\t\t\t\t<\/a>\n\t\t\t<a href=\"\" target=\"_self\" role=\"button\" rel=\"noopener\">\n\t\t\t\t\t\t\tIMIGRARE\n\t\t\t\t\t<\/a>\n\t\n\n\n<div id=\"wpv-view-layout-5678-CATTRa50914e6cd55d3b519ffdcccb616eb4c\" class=\"js-wpv-view-layout js-wpv-layout-responsive js-wpv-view-layout-5678-CATTRa50914e6cd55d3b519ffdcccb616eb4c\" data-viewnumber=\"5678-CATTRa50914e6cd55d3b519ffdcccb616eb4c\" data-pagination=\"{&quot;id&quot;:5678,&quot;query&quot;:&quot;normal&quot;,&quot;type&quot;:&quot;disabled&quot;,&quot;effect&quot;:&quot;fade&quot;,&quot;duration&quot;:500,&quot;speed&quot;:5,&quot;pause_on_hover&quot;:&quot;enabled&quot;,&quot;stop_rollover&quot;:&quot;false&quot;,&quot;cache_pages&quot;:&quot;enabled&quot;,&quot;preload_images&quot;:&quot;enabled&quot;,&quot;preload_pages&quot;:&quot;enabled&quot;,&quot;preload_reach&quot;:1,&quot;spinner&quot;:&quot;builtin&quot;,&quot;spinner_image&quot;:&quot;https:\/\/nestlersgroup.com\/wp-content\/plugins\/toolset-blocks\/embedded\/res\/img\/ajax-loader.gif&quot;,&quot;callback_next&quot;:&quot;&quot;,&quot;manage_history&quot;:&quot;enabled&quot;,&quot;has_controls_in_form&quot;:&quot;disabled&quot;,&quot;infinite_tolerance&quot;:&quot;0&quot;,&quot;max_pages&quot;:1,&quot;page&quot;:1,&quot;base_permalink&quot;:&quot;\/ro\/wp-json\/wp\/v2\/pages\/4714?wpv_view_count=5678-CATTRa50914e6cd55d3b519ffdcccb616eb4c&amp;wpv_paged=WPV_PAGE_NUM&quot;,&quot;loop&quot;:{&quot;type&quot;:&quot;&quot;,&quot;name&quot;:&quot;&quot;,&quot;data&quot;:[],&quot;id&quot;:0}}\" data-permalink=\"\/ro\/wp-json\/wp\/v2\/pages\/4714?wpv_view_count=5678-CATTRa50914e6cd55d3b519ffdcccb616eb4c\">\n \n\n<div class=\"row \">\n   \n     \n        <div class=\"col-md-7\"> \n            <div class=\"card first-post\">\n                <img decoding=\"async\" src=\"https:\/\/nestlersgroup.com\/wp-content\/uploads\/2026\/03\/7693745.jpeg\" alt=\"\" title=\"\">\n  \t\t\t\t<div class=\"card-img-overlay\">\n                  <h2 class=\"card-title\"> <a href=\"https:\/\/nestlersgroup.com\/ro\/hire-remote-employees-romania\/\">Hire Remote Employees in Romania\u00a0<\/a><\/h2>\n  \t\t\t\t<\/div>\n\t\t\t<\/div> \n        <\/div> \n     \n     \n        <div class=\"col-md-5\"> \n            <div class=\"card second-post\">\n              <img decoding=\"async\" src=\"https:\/\/nestlersgroup.com\/wp-content\/uploads\/2025\/02\/Blog-Banner-for-Website-Content-2025-02-03T120256.104.png\" alt=\"\" title=\"\">\n              <div class=\"card-img-overlay\">\n                <h2 class=\"card-title\"> <a href=\"https:\/\/nestlersgroup.com\/ro\/poland-new-migration-strategy-2025-2030\/\">Poland\u2019s New Migration Strategy 2025\u20132030<\/a><\/h2>\n              <\/div>\n          <\/div> \n            <div class=\"row\"> \n                 \n     \n                    <div class=\"col-md-6\"> \n                      <div class=\"card third-post\">\n                        <img decoding=\"async\" src=\"https:\/\/nestlersgroup.com\/wp-content\/uploads\/2024\/08\/Blog-Banner-for-Website-Content-2024-08-13T124336.706.png\" alt=\"\" title=\"\">\n                        <div class=\"card-img-overlay\">\n                          <h2 class=\"card-title\"> <a href=\"https:\/\/nestlersgroup.com\/ro\/key-considerations-when-managing-posted-workers-in-europe\/\">Key Considerations When Managing Posted Workers in Europe<\/a><\/h2>\n                        <\/div>\n                      <\/div>\n                    <\/div> \n                 \n     \n                    <div class=\"col-md-6\"> \n                        <div class=\"card fourth-post\">\n                          <img decoding=\"async\" src=\"https:\/\/nestlersgroup.com\/wp-content\/uploads\/2023\/07\/Acordul-Schengen-Romania-Nestlers-Group.jpg\" alt=\"\" title=\"\">\n                          <div class=\"card-img-overlay\">\n                            <h2 class=\"card-title\"> <a href=\"https:\/\/nestlersgroup.com\/ro\/schengen-borders-code-european-parliament-adopts-reform-to-enhance-free-movement-and-security\/\">Schengen Borders Code: European Parliament Adopts Reform to Enhance Free Movement and Security<\/a><\/h2>\n                          <\/div>\n                      \t<\/div>\n              \t\t<\/div>\n          \t<\/div>\n        <\/div>\n    \n<\/div>\n \n  <\/div>\n\t\t\t<a href=\"\" target=\"_self\" role=\"button\" rel=\"noopener\">\n\t\t\t\t\t\t\tTRANSFORM\u0102-\u021aI FOR\u021aA DE MUNC\u0102 PROASP\u0102T<br \/> VENIT\u0102 \u00ceNTR-O ECHIP\u0102 LA CARE P\u00c2N\u0102 ACUM,<br \/> DOAR VISAI.\n\t\t\t\t\t<\/a>\n\t\t\t<a href=\"\" target=\"_self\" role=\"button\" rel=\"noopener\">\n\t\t\t\t\t\t\tDESPRE NOI\n\t\t\t\t\t<\/a>\n\t\n\n\n<div id=\"wpv-view-layout-5678-CATTRe10665e34ce1f7d8c2e95845c72c4f9a\" class=\"js-wpv-view-layout js-wpv-layout-responsive js-wpv-view-layout-5678-CATTRe10665e34ce1f7d8c2e95845c72c4f9a\" data-viewnumber=\"5678-CATTRe10665e34ce1f7d8c2e95845c72c4f9a\" data-pagination=\"{&quot;id&quot;:5678,&quot;query&quot;:&quot;normal&quot;,&quot;type&quot;:&quot;disabled&quot;,&quot;effect&quot;:&quot;fade&quot;,&quot;duration&quot;:500,&quot;speed&quot;:5,&quot;pause_on_hover&quot;:&quot;enabled&quot;,&quot;stop_rollover&quot;:&quot;false&quot;,&quot;cache_pages&quot;:&quot;enabled&quot;,&quot;preload_images&quot;:&quot;enabled&quot;,&quot;preload_pages&quot;:&quot;enabled&quot;,&quot;preload_reach&quot;:1,&quot;spinner&quot;:&quot;builtin&quot;,&quot;spinner_image&quot;:&quot;https:\/\/nestlersgroup.com\/wp-content\/plugins\/toolset-blocks\/embedded\/res\/img\/ajax-loader.gif&quot;,&quot;callback_next&quot;:&quot;&quot;,&quot;manage_history&quot;:&quot;enabled&quot;,&quot;has_controls_in_form&quot;:&quot;disabled&quot;,&quot;infinite_tolerance&quot;:&quot;0&quot;,&quot;max_pages&quot;:1,&quot;page&quot;:1,&quot;base_permalink&quot;:&quot;\/ro\/wp-json\/wp\/v2\/pages\/4714?wpv_view_count=5678-CATTRe10665e34ce1f7d8c2e95845c72c4f9a&amp;wpv_paged=WPV_PAGE_NUM&quot;,&quot;loop&quot;:{&quot;type&quot;:&quot;&quot;,&quot;name&quot;:&quot;&quot;,&quot;data&quot;:[],&quot;id&quot;:0}}\" data-permalink=\"\/ro\/wp-json\/wp\/v2\/pages\/4714?wpv_view_count=5678-CATTRe10665e34ce1f7d8c2e95845c72c4f9a\">\n \n\n<div class=\"row \">\n   \n     \n        <div class=\"col-md-7\"> \n            <div class=\"card first-post\">\n                <img decoding=\"async\" src=\"https:\/\/nestlersgroup.com\/wp-content\/uploads\/2017\/02\/colaj-caricaturi6-2000x600-1.jpg\" alt=\"\" title=\"\">\n  \t\t\t\t<div class=\"card-img-overlay\">\n                  <h2 class=\"card-title\"> <a href=\"https:\/\/nestlersgroup.com\/ro\/echipa\/\">Echipa Nestlers<\/a><\/h2>\n  \t\t\t\t<\/div>\n\t\t\t<\/div> \n        <\/div> \n     \n     \n        <div class=\"col-md-5\"> \n            <div class=\"card second-post\">\n              <img decoding=\"async\" src=\"https:\/\/nestlersgroup.com\/wp-content\/uploads\/2020\/03\/career-1.jpg\" alt=\"\" title=\"\">\n              <div class=\"card-img-overlay\">\n                <h2 class=\"card-title\"> <a href=\"https:\/\/nestlersgroup.com\/ro\/cariere\/\">Carier\u0103<\/a><\/h2>\n              <\/div>\n          <\/div> \n            <div class=\"row\"> \n                 \n     \n                    <div class=\"col-md-6\"> \n                      <div class=\"card third-post\">\n                        <img decoding=\"async\" src=\"https:\/\/nestlersgroup.com\/wp-content\/uploads\/2017\/02\/faq-1400x600-1.jpg\" alt=\"\" title=\"\">\n                        <div class=\"card-img-overlay\">\n                          <h2 class=\"card-title\"> <a href=\"https:\/\/nestlersgroup.com\/ro\/intrebari-frecvente\/\">Intreb\u0103ri Frecvente<\/a><\/h2>\n                        <\/div>\n                      <\/div>\n                    <\/div> \n                 \n     \n                    <div class=\"col-md-6\"> \n                        <div class=\"card fourth-post\">\n                          <img decoding=\"async\" src=\"\" alt=\"\" title=\"\">\n                          <div class=\"card-img-overlay\">\n                            <h2 class=\"card-title\"> <a href=\"https:\/\/nestlersgroup.com\/ro\/deveniti-partenerul-nostru\/\">Devino Partenerul Nostru<\/a><\/h2>\n                          <\/div>\n                      \t<\/div>\n              \t\t<\/div>\n          \t<\/div>\n        <\/div>\n    \n<\/div>\n \n  <\/div>\n\t\t\t<a href=\"\" target=\"_self\" role=\"button\" rel=\"noopener\">\n\t\t\t\t\t\t\tEVENIMENTE\n\t\t\t\t\t<\/a>\n\t\n\n\n<div id=\"wpv-view-layout-5812-CATTR7c431523e7428676fb0b5d3c6206d520\" class=\"js-wpv-view-layout js-wpv-layout-responsive js-wpv-view-layout-5812-CATTR7c431523e7428676fb0b5d3c6206d520\" data-viewnumber=\"5812-CATTR7c431523e7428676fb0b5d3c6206d520\" data-pagination=\"{&quot;id&quot;:5812,&quot;query&quot;:&quot;normal&quot;,&quot;type&quot;:&quot;disabled&quot;,&quot;effect&quot;:&quot;fade&quot;,&quot;duration&quot;:500,&quot;speed&quot;:5,&quot;pause_on_hover&quot;:&quot;enabled&quot;,&quot;stop_rollover&quot;:&quot;false&quot;,&quot;cache_pages&quot;:&quot;enabled&quot;,&quot;preload_images&quot;:&quot;enabled&quot;,&quot;preload_pages&quot;:&quot;enabled&quot;,&quot;preload_reach&quot;:1,&quot;spinner&quot;:&quot;builtin&quot;,&quot;spinner_image&quot;:&quot;https:\/\/nestlersgroup.com\/wp-content\/plugins\/toolset-blocks\/embedded\/res\/img\/ajax-loader.gif&quot;,&quot;callback_next&quot;:&quot;&quot;,&quot;manage_history&quot;:&quot;enabled&quot;,&quot;has_controls_in_form&quot;:&quot;disabled&quot;,&quot;infinite_tolerance&quot;:&quot;0&quot;,&quot;max_pages&quot;:1,&quot;page&quot;:1,&quot;base_permalink&quot;:&quot;\/ro\/wp-json\/wp\/v2\/pages\/4714?wpv_view_count=5812-CATTR7c431523e7428676fb0b5d3c6206d520&amp;wpv_paged=WPV_PAGE_NUM&quot;,&quot;loop&quot;:{&quot;type&quot;:&quot;&quot;,&quot;name&quot;:&quot;&quot;,&quot;data&quot;:[],&quot;id&quot;:0}}\" data-permalink=\"\/ro\/wp-json\/wp\/v2\/pages\/4714?wpv_view_count=5812-CATTR7c431523e7428676fb0b5d3c6206d520\">\n \n\n<div class=\"row\">\n   \n     \n        <div class=\"col-md-7\"> \n            <div class=\"card col3-first-post\">\n  \t\t\t\t<img decoding=\"async\" src=\"https:\/\/nestlersgroup.com\/wp-content\/uploads\/2023\/08\/Events-Nestlers-Group-1200x675.jpg\" alt=\"\" title=\"\">\n  \t\t\t\t<div class=\"card-img-overlay\">\n                  <h2 class=\"card-title\"> <a href=\"https:\/\/nestlersgroup.com\/ro\/past-events-nestlers-group\/\">Past events<\/a><\/h2>\n  \t\t\t\t<\/div>\n\t\t\t<\/div> \n        <\/div> \n     \n     \n        <div class=\"col-md-5\"> \n            <div class=\"card col3-second-post\">\n              <img decoding=\"async\" src=\"https:\/\/nestlersgroup.com\/wp-content\/uploads\/2023\/09\/Nestlers-3.png\" alt=\"\" title=\"\">\n              <div class=\"card-img-overlay\">\n                <h2 class=\"card-title\"> <a href=\"https:\/\/nestlersgroup.com\/ro\/delegari-detasari-in-ue-hr-club\/\">Obliga\u021biile legale ale angajatorilor \u00een cazul deleg\u0103rilor \u0219i deta\u0219\u0103rilor transna\u021bionale \u00een Uniunea European\u0103<\/a><\/h2>\n              <\/div>\n          <\/div> \n            <div class=\"row\"> \n                 \n     \n                    <div class=\"col-md-12\"> \n                      <div class=\"card col3-third-post\">\n                        <img decoding=\"async\" src=\"https:\/\/nestlersgroup.com\/wp-content\/uploads\/2023\/06\/conferinta-securitate-sociala-taxe-EU-posted-worker-alliance.jpeg\" alt=\"\" title=\"\">\n                        <div class=\"card-img-overlay\">\n                          <h2 class=\"card-title\"> <a href=\"https:\/\/nestlersgroup.com\/ro\/conferinta-detasare-securitate-sociala-taxe\/\">Impactul legisla\u021biei muncii, securit\u0103\u021bii sociale \u0219i fiscalit\u0103\u021bii asupra deta\u0219\u0103rii de personal \u00een Uniunea European\u0103<\/a><\/h2>\n                        <\/div>\n                      <\/div>\n                    <\/div> \n          \t<\/div>\n        <\/div>\n    \n<\/div>\n \n  <\/div>\n\t\t\t<a href=\"\" target=\"_self\" role=\"button\" rel=\"noopener\">\n\t\t\t\t\t\t\tCINE NE RECOMAND\u0102?\n\t\t\t\t\t<\/a>\n\n","protected":false},"excerpt":{"rendered":"<p>FIECARE ANTREPRENOR \u00ce\u0218I DORE\u0218TE S\u0102 ATING\u0102 NOI REZOLU\u021aII \u0218I IDEALURI, DAR UNEORI DEVINE DIFICIL \u00ceN MOMENTUL \u00ceN CARE ANGAJA\u021aII II SUNT PERTURBA\u021aI DE SUBITELE TURBULEN\u021aE ALE SCHIMB\u0102RILOR CULTURALE. ECHIPA NESTLERS TE VA AJUTA S\u0102 ATINGI NOI CULMI PRIN ELIMINAREA ORIC\u0102ROR FACTORI DE STRES ADIACEN\u021aI MOBILIT\u0102\u021aII GLOBALE. IMPOZITE \u0218i SALARII SERVICII DE AUDIT RITUALUL DE RELOCARE&hellip;<\/p>\n","protected":false},"author":1000002,"featured_media":0,"parent":0,"menu_order":0,"comment_status":"closed","ping_status":"closed","template":"","meta":{"footnotes":""},"class_list":["post-4714","page","type-page","status-publish","hentry"],"_links":{"self":[{"href":"https:\/\/nestlersgroup.com\/ro\/wp-json\/wp\/v2\/pages\/4714","targetHints":{"allow":["GET"]}}],"collection":[{"href":"https:\/\/nestlersgroup.com\/ro\/wp-json\/wp\/v2\/pages"}],"about":[{"href":"https:\/\/nestlersgroup.com\/ro\/wp-json\/wp\/v2\/types\/page"}],"author":[{"embeddable":true,"href":"https:\/\/nestlersgroup.com\/ro\/wp-json\/wp\/v2\/users\/1000002"}],"replies":[{"embeddable":true,"href":"https:\/\/nestlersgroup.com\/ro\/wp-json\/wp\/v2\/comments?post=4714"}],"version-history":[{"count":0,"href":"https:\/\/nestlersgroup.com\/ro\/wp-json\/wp\/v2\/pages\/4714\/revisions"}],"wp:attachment":[{"href":"https:\/\/nestlersgroup.com\/ro\/wp-json\/wp\/v2\/media?parent=4714"}],"curies":[{"name":"wp","href":"https:\/\/api.w.org\/{rel}","templated":true}]}}