{"id":4722,"date":"2020-03-04T17:11:56","date_gmt":"2020-03-04T15:11:56","guid":{"rendered":"https:\/\/photobrand.ro\/terms-and-conditions\/"},"modified":"2023-01-25T16:26:33","modified_gmt":"2023-01-25T14:26:33","slug":"terms-and-conditions-2","status":"publish","type":"page","link":"https:\/\/nestlersgroup.com\/ro\/terms-and-conditions-2\/","title":{"rendered":"Termeni \u0219i Condi\u021bii"},"content":{"rendered":"<p>1. Prin utilizarea acestui website, sunte\u021bi de acord cu urm\u0103toarele condi\u021bii de utilizare. Accesul \u0219i utilizarea website-ului www.nestlersgroup.com sunt supuse urm\u0103toarelor condi\u021bii de utilizare \u0219i tuturor legilor aplicabile. Vizit\u00e2nd \u0219i utiliz\u00e2nd acest website, accepta\u021bi automat termenii \u0219i condi\u021biile de mai jos.<\/p>\n<p>2. Termenii \u0219i condi\u021biile se aplic\u0103 tuturor utilizatorilor website-ului, inclusiv utilizatorilor care contribuie cu informa\u021bii pe site. Site-ul web www.nestlersgroup.com poate con\u021bine link-uri c\u0103tre alte website-uri, care nu sunt proprietatea acestui website. www.nestlersgroup.com nu este responsabil pentru con\u021binutul \u0219i\/sau termenii de utilizare a oric\u0103rui alt site web.<\/p>\n<p>3. <strong>Utilizarea acestui website<\/strong>: Accesul la acest website este gratuit. Scopul acestui site este de a informa \u0219i ajuta utilizatorii s\u0103 g\u0103seasc\u0103 c\u00e2t mai u\u0219or, \u00eentr-o manier\u0103 structurat\u0103 \u0219i rapid\u0103, informa\u021biile necesare lor. www.nestlersgroup.com este website-ul de prezentare al SC Nestlers Group Global SRL. Pentru ca www.nestlersgroup.com s\u0103 poat\u0103 garanta consim\u021b\u0103m\u00e2ntul pentru utilizarea acestui site web, trebuie respecta\u021bi urm\u0103torii termeni de utilizare: &#8211; Website-ul web va fi utilizat numai \u00een scopuri personale \u0219i non-comerciale. \u2013 Nici o informa\u021bie nu va fi copiat\u0103 sau partajat\u0103 (text, imagini, videoclipuri sau orice alte materiale) f\u0103r\u0103 acordul prealabil \u00een scris al administratorului website-ului. \u2013 Modificarea \u0219i deteriorarea unei p\u0103r\u021bi a acestui site web sunt interzise, cu excep\u021bia p\u0103r\u021bilor la care ave\u021bi acces legal \u0219i prestabilit. \u2013 Este interzis\u0103 sub orice form\u0103 publicarea pe site de informa\u021bii care ar putea informa gre\u0219it asupra corectitudinii datelor (text, videoclipuri, imagini etc.). \u2013 Ve\u021bi observa si respecta termenii \u0219i condi\u021biile enumerate de acest website. Sunte\u021bi singura persoan\u0103 responsabil\u0103 pentru daunele cauzate at\u00e2t website-ului, c\u00e2t \u0219i altora prin utilizarea neautorizat\u0103. \u00cen calitate de utilizator cu sau f\u0103r\u0103 cont, sunte\u021bi de acord s\u0103 nu utiliza\u021bi niciun software, aplica\u021bie sau orice alt mijloc de acces automat la website-ului, av\u00e2nd \u00een vedere spam-ul, furtul de date, modificarea sau alterarea site-ului.<\/p>\n<p>4. <strong>Drepturile propriet\u0103\u021bii intelectuale<\/strong>: Continutul website-ului este oferit gratuit, in scop informativ. Con\u021binutul nu poate fi copiat, reprodus, utilizat, transmis, v\u00e2ndut, licen\u021biat sau distribuit f\u0103r\u0103 acordul prealabil scris al de\u021bin\u0103torului dreptului de proprietate intelectual\u0103, respectiv SC Nestlers Group Global SRL. Sunte\u021bi de acord s\u0103 nu utiliza\u021bi, copia\u021bi sau distribui\u021bi con\u021binutul acestui website \u00een scopuri comerciale. SC Nestlers Group Global SRL \u00ee\u0219i rezerv\u0103 toate drepturile asupra con\u021binutului acestui website.<\/p>\n<p>5. <strong>Publicarea informa\u021biilor de c\u0103tre utilizator<\/strong>SC Nestlers Group Global SRL nu permite utilizatorilor s\u0103i \u00eenregistra\u021bi s\u0103 publice materiale de orice fel (text, imagini, videoclipuri, comentarii).<\/p>\n<p>6. <strong>Limitarea r\u0103spunderii<\/strong> Nestlers Group Global SRL nu este r\u0103spunz\u0103tor pentru daunele rezultate din defec\u021biunile, erorile, sau lipsa de acurate\u021be a materialelor publicate pe www.nestlersgroup.com. Materialele au doar scop informativ.<\/p>\n<p><strong>7. Acceptarea termenilor \u0219i a condi\u021biilor<\/strong> Acest website se adreseaz\u0103 tuturor categoriilor de v\u00e2rst\u0103. Prin utilizarea acestui site web, lua\u021bi la cuno\u0219tin\u021b\u0103 \u0219i sunte\u021bi de acord cu termenii \u0219i condi\u021biile de pe aceast\u0103 pagin\u0103.<\/p>\n<p><strong>8. Date personale. <\/strong>Anumite capitole sau func\u021bii ale website-ului pot necesita dezv\u0103luirea datelor cu caracter personal, sub rezerva prevederilor Politicii de Confiden\u021bialitate, pe care le accepta\u021bi prin accesarea wesite-ului.<\/p>\n<p><strong>9. Date personale.<\/strong><\/p>\n<p>Pute\u021bi accesa acest site f\u0103r\u0103 a v\u0103 dezv\u0103lui identitatea \u0219i f\u0103r\u0103 a furniza detalii personale.<\/p>\n<p>Site-ul www.nestlersgroup.com colecteaz\u0103 automat informa\u021bii care nu sunt \u0219i nu pot fi asociate unei anumite persoane, informa\u021bii legate de elementele accesate prin intermediul site-ului web, de tipul de browser utilizat, de platforma computerului dumneavoastr\u0103 \u0219i de numele domeniului prin care accesezi acest website.<\/p>\n<p><strong>10. De\u021bin\u0103torul website-ului www.nestlersgroup.com<\/strong> nu este responsabil pentru modul \u00een care sunt utilizate informa\u021biile de pe acest website. UTILIZATORII site-ului sunt SINGURELE PERSOANE RESPONSABILE pentru modul \u00een care folosesc informa\u021biile de pe acest site. \u00cen nicio circumstan\u021b\u0103 de\u021bin\u0103torul acestui site nu poate fi tras la r\u0103spundere pentru eventualele daune, accidente sau orice alte defec\u021biuni cauzate de utilizarea \u0219i aplicarea informa\u021biilor de pe acest website.<\/p>\n<p><strong> 11.<\/strong> <strong>Politica de confiden\u021bialitate<\/strong><\/p>\n<p>Toate informa\u021biile furnizate de utilizatori sunt \u0219i vor r\u0103m\u00e2ne confiden\u021biale; sub nicio form\u0103 www.nestlersgroup.com nu va folosi aceste informa\u021bii; website-ul nu va folosi sau stoca e-mailurile utilizatorilor pentru a trimite reclame de orice tip.<br \/>\n<a href=\"https:\/\/1ws.com\/\" target=\"_blank\" rel=\"noopener\">https:\/\/1ws.com<\/a><\/p>\n","protected":false},"excerpt":{"rendered":"<p>1. Prin utilizarea acestui website, sunte\u021bi de acord cu urm\u0103toarele condi\u021bii de utilizare. Accesul \u0219i utilizarea website-ului www.nestlersgroup.com sunt supuse urm\u0103toarelor condi\u021bii de utilizare \u0219i tuturor legilor aplicabile. Vizit\u00e2nd \u0219i utiliz\u00e2nd acest website, accepta\u021bi automat termenii \u0219i condi\u021biile de mai jos. 2. Termenii \u0219i condi\u021biile se aplic\u0103 tuturor utilizatorilor website-ului, inclusiv utilizatorilor care contribuie cu&hellip;<\/p>\n","protected":false},"author":1000002,"featured_media":0,"parent":0,"menu_order":0,"comment_status":"closed","ping_status":"closed","template":"","meta":{"footnotes":""},"class_list":["post-4722","page","type-page","status-publish","hentry"],"_links":{"self":[{"href":"https:\/\/nestlersgroup.com\/ro\/wp-json\/wp\/v2\/pages\/4722","targetHints":{"allow":["GET"]}}],"collection":[{"href":"https:\/\/nestlersgroup.com\/ro\/wp-json\/wp\/v2\/pages"}],"about":[{"href":"https:\/\/nestlersgroup.com\/ro\/wp-json\/wp\/v2\/types\/page"}],"author":[{"embeddable":true,"href":"https:\/\/nestlersgroup.com\/ro\/wp-json\/wp\/v2\/users\/1000002"}],"replies":[{"embeddable":true,"href":"https:\/\/nestlersgroup.com\/ro\/wp-json\/wp\/v2\/comments?post=4722"}],"version-history":[{"count":0,"href":"https:\/\/nestlersgroup.com\/ro\/wp-json\/wp\/v2\/pages\/4722\/revisions"}],"wp:attachment":[{"href":"https:\/\/nestlersgroup.com\/ro\/wp-json\/wp\/v2\/media?parent=4722"}],"curies":[{"name":"wp","href":"https:\/\/api.w.org\/{rel}","templated":true}]}}