{"id":6441,"date":"2023-01-20T14:31:38","date_gmt":"2023-01-20T12:31:38","guid":{"rendered":"https:\/\/nestlersgroup.com\/?page_id=6441"},"modified":"2023-03-13T18:58:24","modified_gmt":"2023-03-13T16:58:24","slug":"pagina-de-contact","status":"publish","type":"page","link":"https:\/\/nestlersgroup.com\/ro\/pagina-de-contact\/","title":{"rendered":"Pagina de contact"},"content":{"rendered":"\n<h1>\n\t\tContact\n\t<\/h1>\n<h2>\n\t\tG\u0103se\u0219te-\u021bi cuibul, nu r\u0103m\u00e2ne un simplu musafir!\n\t<\/h2>\n\t<p>Un cuib poate reprezenta multe lucruri. Un loc sigur \u0219i confortabil. Un loc pe care \u00eel po\u021bi numi acas\u0103. Un loc \u00een care s\u0103 te cuib\u0103reasti \u0219i s\u0103-l nume\u0219ti &#8222;al t\u0103u&#8221;. Un loc unde petreci timp cu familia, te \u00eent\u00e2lne\u0219ti \u0219i creezi prietenii de lung\u0103 durat\u0103. Un loc \u00een care po\u021bi \u00eenflori ca niciodat\u0103.<\/p>\n<p>Putem face toate acestea posibile lu\u00e2ndu-\u021bi greutatea de pe umeri \u00een leg\u0103tur\u0103 imigra\u021bia, relocarea, and tax matters. fi\u021bi siguri v\u0103 vom tot sprijinul de care vor avea nevoie expatria\u021bii vo\u0219tri!<\/p>\n<h3>\n\t\tBIROURI\n\t<\/h3>\n\t<a href=\"https:\/\/www.google.com\/maps\/search\/6+Maior+Sontu+Street,+district+1,+Bucharest\/@44.4658051,26.0810483,17z\/data=!3m1!4b1\" target=\"_blank\" rel=\"noopener noreferrer\">Strada Maior Sontu nr. 6, etaj 2, sectorul 1, Bucure\u0219ti<\/a><br \/>\n<a href=\"https:\/\/www.google.com\/maps\/place\/Strada+V%C3%A2ntului+48,+Cluj-Napoca+400221\/@46.7771258,23.5643538,17z\/data=!3m1!4b1!4m5!3m4!1s0x47490e9347fa8b0b:0xfd48827828ce7be6!8m2!3d46.7771258!4d23.5665425\" target=\"_blank\" rel=\"noopener noreferrer\">Strada Vantului nr. 48, Cluj-Napoca<\/a><br \/>\n<a href=\"https:\/\/www.google.com\/maps\/place\/Strada+%C3%8Emp%C4%83ratul+Traian+29,+Craiova+200399\/@44.3165055,23.8002697,17z\/data=!3m1!4b1!4m5!3m4!1s0x4752d7a0cdefb4e1:0xcdf9dd821d89b77d!8m2!3d44.3165056!4d23.8047544\" target=\"_blank\" rel=\"noopener noreferrer\">Strada Imparatul Traian nr. 29, Craiova<\/a><br \/>\n<a href=\"https:\/\/www.google.com\/maps\/place\/Strada+Pictor+Mihai+Grecu,+Chi%C8%99in%C4%83u,+Moldova\/@46.9889854,28.8284335,17z\/data=!3m1!4b1!4m5!3m4!1s0x40c97ebf4e36ac53:0x7e395adbe283dd55!8m2!3d46.9889854!4d28.8306222\" target=\"_blank\" rel=\"noopener noreferrer\">Strada Pictor Mihai Grecu nr. 5, biroul 1, Chisinau<\/a>\n\t<strong>E-mail:<\/strong> <a href=\"mailto: office@nestlersgroup.com\">office@nestlersgroup.com<\/a><br \/>\n<strong>Telefon \/ Fax:<\/strong> <a href=\"tel:+40 311 079 028\">+40 311 079 028<\/a>\n\t\t\t<a href=\"\" target=\"_self\" role=\"button\" rel=\"noopener\">\n\t\t\t\t\t\t\tBirou Bucuresti\n\t\t\t\t\t<\/a>\n\t<iframe loading=\"lazy\" src=\"https:\/\/www.google.com\/maps\/embed?pb=!1m18!1m12!1m3!1d2847.40819272496!2d26.080161015524286!3d44.46580507910188!2m3!1f0!2f0!3f0!3m2!1i1024!2i768!4f13.1!3m3!1m2!1s0x40b2021056a44391%3A0xd0b6ea22bc51e723!2sStrada%20Maior%20Gheorghe%20%C8%98on%C8%9Bu%206%2C%20Bucure%C8%99ti!5e0!3m2!1sen!2sro!4v1585045921848!5m2!1sen!2sro\" width=\"100%\" height=\"100%\" frameborder=\"0\" allowfullscreen=\"\" aria-hidden=\"false\" tabindex=\"0\"><\/iframe>\n\t\t\t<a href=\"\" target=\"_self\" role=\"button\" rel=\"noopener\">\n\t\t\t\t\t\t\tBirou Cluj-Napoca\n\t\t\t\t\t<\/a>\n\t<iframe src=\"https:\/\/www.google.com\/maps\/embed?pb=!1m18!1m12!1m3!1d2732.3795094900074!2d23.56435381613441!3d46.777125779138444!2m3!1f0!2f0!3f0!3m2!1i1024!2i768!4f13.1!3m3!1m2!1s0x47490e9347fa8b0b%3A0xfd48827828ce7be6!2sStrada%20V%C3%A2ntului%2048%2C%20Cluj-Napoca%20400221!5e0!3m2!1sen!2sro!4v1676022771490!5m2!1sen!2sro\" width=\"100%\" height=\"100%\" allowfullscreen=\"\" loading=\"lazy\" referrerpolicy=\"no-referrer-when-downgrade\"><\/iframe>\n\t\t\t<a href=\"\" target=\"_self\" role=\"button\" rel=\"noopener\">\n\t\t\t\t\t\t\tBirou Craiova\n\t\t\t\t\t<\/a>\n\t<iframe src=\"https:\/\/www.google.com\/maps\/embed?pb=!1m18!1m12!1m3!1d2854.6811252861103!2d23.800269734757652!3d44.31650551226896!2m3!1f0!2f0!3f0!3m2!1i1024!2i768!4f13.1!3m3!1m2!1s0x4752d7a0cdefb4e1%3A0xcdf9dd821d89b77d!2sStrada%20%C3%8Emp%C4%83ratul%20Traian%2029%2C%20Craiova%20200399!5e0!3m2!1sen!2sro!4v1676022849401!5m2!1sen!2sro\" width=\"100%\" height=\"100%\" allowfullscreen=\"\" loading=\"lazy\" referrerpolicy=\"no-referrer-when-downgrade\"><\/iframe>\n\t\t\t<a href=\"\" target=\"_self\" role=\"button\" rel=\"noopener\">\n\t\t\t\t\t\t\tBirou Chisinau\n\t\t\t\t\t<\/a>\n\t<iframe loading=\"lazy\" src=\"https:\/\/www.google.com\/maps\/embed?pb=!1m18!1m12!1m3!1d2721.6104554663425!2d28.828433515609255!3d46.98898537914855!2m3!1f0!2f0!3f0!3m2!1i1024!2i768!4f13.1!3m3!1m2!1s0x40c97ebf4e36ac53%3A0x7e395adbe283dd55!2sStrada%20Pictor%20Mihai%20Grecu%2C%20Chi%C8%99in%C4%83u%2C%20Moldova!5e0!3m2!1sen!2sro!4v1585046043567!5m2!1sen!2sro\" width=\"100%\" height=\"100%\" frameborder=\"0\" allowfullscreen=\"\" aria-hidden=\"false\" tabindex=\"0\"><\/iframe>\n\n","protected":false},"excerpt":{"rendered":"<p>Contact G\u0103se\u0219te-\u021bi cuibul, nu r\u0103m\u00e2ne un simplu musafir! Un cuib poate reprezenta multe lucruri. Un loc sigur \u0219i confortabil. Un loc pe care \u00eel po\u021bi numi acas\u0103. Un loc \u00een care s\u0103 te cuib\u0103reasti \u0219i s\u0103-l nume\u0219ti &#8222;al t\u0103u&#8221;. Un loc unde petreci timp cu familia, te \u00eent\u00e2lne\u0219ti \u0219i creezi prietenii de lung\u0103 durat\u0103. Un&hellip;<\/p>\n","protected":false},"author":1000000,"featured_media":2558,"parent":0,"menu_order":0,"comment_status":"closed","ping_status":"closed","template":"","meta":{"footnotes":""},"class_list":["post-6441","page","type-page","status-publish","has-post-thumbnail","hentry"],"_links":{"self":[{"href":"https:\/\/nestlersgroup.com\/ro\/wp-json\/wp\/v2\/pages\/6441","targetHints":{"allow":["GET"]}}],"collection":[{"href":"https:\/\/nestlersgroup.com\/ro\/wp-json\/wp\/v2\/pages"}],"about":[{"href":"https:\/\/nestlersgroup.com\/ro\/wp-json\/wp\/v2\/types\/page"}],"author":[{"embeddable":true,"href":"https:\/\/nestlersgroup.com\/ro\/wp-json\/wp\/v2\/users\/1000000"}],"replies":[{"embeddable":true,"href":"https:\/\/nestlersgroup.com\/ro\/wp-json\/wp\/v2\/comments?post=6441"}],"version-history":[{"count":3,"href":"https:\/\/nestlersgroup.com\/ro\/wp-json\/wp\/v2\/pages\/6441\/revisions"}],"predecessor-version":[{"id":9272,"href":"https:\/\/nestlersgroup.com\/ro\/wp-json\/wp\/v2\/pages\/6441\/revisions\/9272"}],"wp:featuredmedia":[{"embeddable":true,"href":"https:\/\/nestlersgroup.com\/ro\/wp-json\/wp\/v2\/media\/2558"}],"wp:attachment":[{"href":"https:\/\/nestlersgroup.com\/ro\/wp-json\/wp\/v2\/media?parent=6441"}],"curies":[{"name":"wp","href":"https:\/\/api.w.org\/{rel}","templated":true}]}}