{"id":6689,"date":"2023-01-21T15:15:39","date_gmt":"2023-01-21T13:15:39","guid":{"rendered":"https:\/\/nestlersgroup.com\/?page_id=6689"},"modified":"2023-05-24T15:13:58","modified_gmt":"2023-05-24T12:13:58","slug":"your-immigration-e-book","status":"publish","type":"page","link":"https:\/\/nestlersgroup.com\/ro\/your-immigration-e-book\/","title":{"rendered":"Your Immigration E-book"},"content":{"rendered":"<div class=\"wp-block-image\">\n<figure class=\"aligncenter size-large\"><img loading=\"lazy\" decoding=\"async\" width=\"1024\" height=\"536\" src=\"https:\/\/nestlersgroup.com\/wp-content\/uploads\/2023\/01\/nst-ebook-img-1-2048x1072-1-1024x536.jpg\" alt=\"\" class=\"wp-image-6346\" title=\"\" srcset=\"https:\/\/nestlersgroup.com\/wp-content\/uploads\/2023\/01\/nst-ebook-img-1-2048x1072-1-1024x536.jpg 1024w, https:\/\/nestlersgroup.com\/wp-content\/uploads\/2023\/01\/nst-ebook-img-1-2048x1072-1-300x157.jpg 300w, https:\/\/nestlersgroup.com\/wp-content\/uploads\/2023\/01\/nst-ebook-img-1-2048x1072-1-768x402.jpg 768w, https:\/\/nestlersgroup.com\/wp-content\/uploads\/2023\/01\/nst-ebook-img-1-2048x1072-1-1536x804.jpg 1536w, https:\/\/nestlersgroup.com\/wp-content\/uploads\/2023\/01\/nst-ebook-img-1-2048x1072-1.jpg 2048w\" sizes=\"auto, (max-width: 1024px) 100vw, 1024px\" \/><\/figure>\n<\/div>\n\n\n<h2 class=\"wp-block-heading\"><strong>Salut!<\/strong><\/h2>\n\n\n\n<p>Dore\u0219ti s\u0103 \u0219tii mai multe despre procesul de imigrare din Rom\u00e2nia? Ei bine, e\u0219ti \u00een locul potrivit deoarece am preg\u0103tit un material gratuit pentru tine!<\/p>\n\n\n\n<p>B\u0103t\u0103lia pe talente este acerb\u0103 la nivel global. Fiecare companie performant\u0103 \u00ee\u0219i dore\u0219te s\u0103 atrag\u0103 cei mai buni candida\u021bi \u00een echipele lor. C\u00e2nd resursele din pia\u021b\u0103 muncii se epuizeaz\u0103, profesioni\u0219tii apeleaz\u0103 la pia\u021ba global\u0103 unde g\u0103sesc cu u\u0219urin\u021b\u0103 \u0219i rapiditate un pool mare de talente. Relocarea unei resurse dintr-o \u021bar\u0103 \u00een alta implic\u0103 \u0219i un proces de relocare.<\/p>\n\n\n\n<p>Imigrarea spre exemplu necesit\u0103 o abordare extrem de precis\u0103 unde profesioni\u0219tii \u00een HR\/Legal trebuie s\u0103 jongleze cu foarte multe elemente \u00een acela\u0219i timp \u0219i foarte multe institu\u021bii at\u00e2t din \u021bar\u0103 c\u00e2t \u0219i din str\u0103in\u0103tate. Cu 15 ani de experien\u021b\u0103, Nestlers poate transforma un proces de imigrare \u00eentr-o ac\u021biune simpl\u0103, sigur\u0103, legal\u0103 \u0219i mai ales, personal\u0103. Ne concentr\u0103m pe viitorul profesional al fiec\u0103rui client, iar dorin\u021ba noastr\u0103 este de a oferi cele mai bune experien\u021be \u0219i servicii din pia\u021b\u0103 at\u00e2t pentru companie, dar \u0219i pentru angajat.<\/p>\n\n\n\n<h3 class=\"wp-block-heading\"><strong>Ce oferim noi, mai exact?<\/strong><\/h3>\n\n\n\n<ul class=\"wp-block-list\">\n<li>Suport \u00een ob\u021binerea tuturor autoriza\u021biilor, vizelor, permiselor de \u0219edere potrivite din punct de vedere al proceselor de imigrare pentru expatriatii din compania ta.<\/li>\n\n\n\n<li>Suport \u00een preg\u0103tirea tuturor documentelor de angajare pentru angaja\u021bii str\u0103ini.<\/li>\n\n\n\n<li>Calcule pentru orice tip de venit global pe care angajatul t\u0103u le-ar putea ob\u021bine din diferite \u021b\u0103ri, \u00eenregistrarea conform legii a str\u0103inilor la ANAF \u0219i multe alte obliga\u021bii legale pe care noi le putem acoperi prin serviciile noastre din punct de vedere fiscal.<\/li>\n\n\n\n<li>Suport legal pentru angaja\u021bii transfera\u021bi din Rom\u00e2nia oriunde \u00een lume.<\/li>\n<\/ul>\n\n\n\n<p>Pentru mai multe informa\u021bii despre serviciile noastre, va invit\u0103m s\u0103 da\u021bi un click,&nbsp;<a href=\"https:\/\/nestlersgroup.com\/ro\/immigration-2\/\">aici<\/a>.<\/p>\n\n\n\n<h3 class=\"wp-block-heading\">Ob\u021bine e-book-ul gratuit, acum!<\/h3>\n\n\n\n<p>Po\u021bi desc\u0103rca gratuit E-book-ul Nestlers. Trebuie doar s\u0103 completezi chestionarul de mai jos pentru a primi permisiunea de a-l downloada.<\/p>\n\n\n<div class=\"wpforms-container wpforms-container-full wpforms-block wpforms-block-15bc3889-e482-4c61-b759-2b4953d57432 wpforms-render-modern\" id=\"wpforms-16126\"><form id=\"wpforms-form-16126\" class=\"wpforms-validate wpforms-form wpforms-ajax-form\" data-formid=\"16126\" method=\"post\" enctype=\"multipart\/form-data\" action=\"\/ro\/wp-json\/wp\/v2\/pages\/6689\" data-token=\"5d081e405ef256c658e2c5381edb4346\" data-token-time=\"1776515382\"><noscript class=\"wpforms-error-noscript\">Please enable JavaScript in your browser to complete this form.<\/noscript><div id=\"wpforms-error-noscript\" style=\"display: none;\">Please enable JavaScript in your browser to complete this form.<\/div><div class=\"wpforms-field-container\"><div id=\"wpforms-16126-field_3-container\" class=\"wpforms-field wpforms-field-name\" data-field-id=\"3\"><label class=\"wpforms-field-label wpforms-label-hide\" for=\"wpforms-16126-field_3\" aria-hidden=\"false\">Name <span class=\"wpforms-required-label\" aria-hidden=\"true\">*<\/span><\/label><input type=\"text\" id=\"wpforms-16126-field_3\" class=\"wpforms-field-medium wpforms-field-required\" name=\"wpforms[fields][3]\" placeholder=\"Name\" aria-errormessage=\"wpforms-16126-field_3-error\" required><\/div><div id=\"wpforms-16126-field_2-container\" class=\"wpforms-field wpforms-field-text\" data-field-id=\"2\"><label class=\"wpforms-field-label wpforms-label-hide\" for=\"wpforms-16126-field_2\" aria-hidden=\"false\">Company<\/label><input type=\"text\" id=\"wpforms-16126-field_2\" class=\"wpforms-field-medium\" name=\"wpforms[fields][2]\" placeholder=\"Company\" aria-errormessage=\"wpforms-16126-field_2-error\" ><\/div><div id=\"wpforms-16126-field_4-container\" class=\"wpforms-field wpforms-field-number\" data-field-id=\"4\"><label class=\"wpforms-field-label wpforms-label-hide\" for=\"wpforms-16126-field_4\" aria-hidden=\"false\">Phone <span class=\"wpforms-required-label\" aria-hidden=\"true\">*<\/span><\/label><input type=\"number\" id=\"wpforms-16126-field_4\" class=\"wpforms-field-medium wpforms-field-required\" name=\"wpforms[fields][4]\" placeholder=\"Phone\" step=\"any\" aria-errormessage=\"wpforms-16126-field_4-error\" required><\/div><div id=\"wpforms-16126-field_5-container\" class=\"wpforms-field wpforms-field-email\" data-field-id=\"5\"><label class=\"wpforms-field-label wpforms-label-hide\" for=\"wpforms-16126-field_5\" aria-hidden=\"false\">E-mail Address <span class=\"wpforms-required-label\" aria-hidden=\"true\">*<\/span><\/label><input type=\"email\" id=\"wpforms-16126-field_5\" class=\"wpforms-field-medium wpforms-field-required\" name=\"wpforms[fields][5]\" placeholder=\"E-mail Address\" spellcheck=\"false\" aria-errormessage=\"wpforms-16126-field_5-error\" required><\/div><div id=\"wpforms-16126-field_6-container\" class=\"wpforms-field wpforms-field-select wpforms-field-select-style-modern\" data-field-id=\"6\"><label class=\"wpforms-field-label\" for=\"wpforms-16126-field_6\">Main area of interest<\/label><select id=\"wpforms-16126-field_6\" class=\"wpforms-field-medium choicesjs-select\" data-size-class=\"wpforms-field-row wpforms-field-medium\" data-search-enabled=\"\" name=\"wpforms[fields][6]\"><option value=\"\" class=\"placeholder\" disabled  selected='selected'>&#8211; select an option &#8211;<\/option><option value=\"Immigration\"  class=\"choice-1 depth-1\"  >Immigration<\/option><option value=\"Tax &amp; payroll\"  class=\"choice-2 depth-1\"  >Tax &amp; payroll<\/option><option value=\"Relocation\"  class=\"choice-3 depth-1\"  >Relocation<\/option><option value=\"Labour Law\"  class=\"choice-4 depth-1\"  >Labour Law<\/option><option value=\"Other\"  class=\"choice-5 depth-1\"  >Other<\/option><\/select><\/div><div id=\"wpforms-16126-field_7-container\" class=\"wpforms-field wpforms-field-textarea\" data-field-id=\"7\"><label class=\"wpforms-field-label wpforms-label-hide\" for=\"wpforms-16126-field_7\" aria-hidden=\"false\">Give us more details<\/label><textarea id=\"wpforms-16126-field_7\" class=\"wpforms-field-medium\" name=\"wpforms[fields][7]\" placeholder=\"Give us more details\" aria-errormessage=\"wpforms-16126-field_7-error\" ><\/textarea><\/div><\/div><!-- .wpforms-field-container --><div class=\"wpforms-recaptcha-container wpforms-is-recaptcha wpforms-is-recaptcha-type-v2\" ><div class=\"g-recaptcha\" data-sitekey=\"6LeVTsUlAAAAAI4AiVs3TsKo0R5DHV4QBKgjD9cC\"><\/div><input type=\"text\" name=\"g-recaptcha-hidden\" class=\"wpforms-recaptcha-hidden\" style=\"position:absolute!important;clip:rect(0,0,0,0)!important;height:1px!important;width:1px!important;border:0!important;overflow:hidden!important;padding:0!important;margin:0!important;\" data-rule-recaptcha=\"1\"><\/div><div class=\"wpforms-submit-container\" ><input type=\"hidden\" name=\"wpforms[id]\" value=\"16126\"><input type=\"hidden\" name=\"page_title\" value=\"\"><input type=\"hidden\" name=\"page_url\" value=\"https:\/\/nestlersgroup.com\/ro\/wp-json\/wp\/v2\/pages\/6689\"><input type=\"hidden\" name=\"url_referer\" value=\"\"><button type=\"submit\" name=\"wpforms[submit]\" id=\"wpforms-submit-16126\" class=\"wpforms-submit\" data-alt-text=\"Sending...\" data-submit-text=\"Submit\" aria-live=\"assertive\" value=\"wpforms-submit\">Submit<\/button><img loading=\"lazy\" decoding=\"async\" src=\"https:\/\/nestlersgroup.com\/wp-content\/plugins\/wpforms-lite\/assets\/images\/submit-spin.svg\" class=\"wpforms-submit-spinner\" style=\"display: none;\" width=\"26\" height=\"26\" alt=\"Loading\" title=\"\"><\/div><\/form><\/div>  <!-- .wpforms-container -->","protected":false},"excerpt":{"rendered":"<p>Salut! Dore\u0219ti s\u0103 \u0219tii mai multe despre procesul de imigrare din Rom\u00e2nia? Ei bine, e\u0219ti \u00een locul potrivit deoarece am preg\u0103tit un material gratuit pentru tine! B\u0103t\u0103lia pe talente este acerb\u0103 la nivel global. Fiecare companie performant\u0103 \u00ee\u0219i dore\u0219te s\u0103 atrag\u0103 cei mai buni candida\u021bi \u00een echipele lor. C\u00e2nd resursele din pia\u021b\u0103 muncii se epuizeaz\u0103,&hellip;<\/p>\n","protected":false},"author":1000000,"featured_media":0,"parent":0,"menu_order":0,"comment_status":"closed","ping_status":"closed","template":"","meta":{"footnotes":""},"class_list":["post-6689","page","type-page","status-publish","hentry"],"_links":{"self":[{"href":"https:\/\/nestlersgroup.com\/ro\/wp-json\/wp\/v2\/pages\/6689","targetHints":{"allow":["GET"]}}],"collection":[{"href":"https:\/\/nestlersgroup.com\/ro\/wp-json\/wp\/v2\/pages"}],"about":[{"href":"https:\/\/nestlersgroup.com\/ro\/wp-json\/wp\/v2\/types\/page"}],"author":[{"embeddable":true,"href":"https:\/\/nestlersgroup.com\/ro\/wp-json\/wp\/v2\/users\/1000000"}],"replies":[{"embeddable":true,"href":"https:\/\/nestlersgroup.com\/ro\/wp-json\/wp\/v2\/comments?post=6689"}],"version-history":[{"count":2,"href":"https:\/\/nestlersgroup.com\/ro\/wp-json\/wp\/v2\/pages\/6689\/revisions"}],"predecessor-version":[{"id":17486,"href":"https:\/\/nestlersgroup.com\/ro\/wp-json\/wp\/v2\/pages\/6689\/revisions\/17486"}],"wp:attachment":[{"href":"https:\/\/nestlersgroup.com\/ro\/wp-json\/wp\/v2\/media?parent=6689"}],"curies":[{"name":"wp","href":"https:\/\/api.w.org\/{rel}","templated":true}]}}